
{"id":1052,"date":"2026-01-15T16:11:02","date_gmt":"2026-01-15T14:11:02","guid":{"rendered":"https:\/\/develop.genium.click\/mauri\/venta\/"},"modified":"2026-03-19T09:13:55","modified_gmt":"2026-03-19T07:13:55","slug":"venta","status":"publish","type":"page","link":"https:\/\/maurigestions.com\/es\/venta\/","title":{"rendered":"Venta"},"content":{"rendered":"\n<div class=\"wp-block-columns is-layout-flex wp-container-core-columns-is-layout-9d6595d7 wp-block-columns-is-layout-flex\">\n<div class=\"wp-block-column is-vertically-aligned-top space-between is-layout-flow wp-block-column-is-layout-flow\">\n<h1 class=\"wp-block-heading\">Venta<\/h1>\n\n\n\n<div style=\"height:10px\" aria-hidden=\"true\" class=\"wp-block-spacer\"><\/div>\n\n\n\n<p class=\"has-medium-font-size\">Te acompa\u00f1amos en todo el proceso de venta de tu inmueble con un servicio personalizado, cercano y profesional. Sabemos que vender una propiedad es una decisi\u00f3n importante, y por eso trabajamos para que sea una experiencia segura, rentable y sin complicaciones.<\/p>\n\n\n\n<div style=\"height:30px\" aria-hidden=\"true\" class=\"wp-block-spacer\"><\/div>\n\n\n\n<div class=\"wp-block-buttons is-layout-flex wp-block-buttons-is-layout-flex\">\n<div class=\"wp-block-button\"><a class=\"wp-block-button__link wp-element-button\" href=\"https:\/\/maurigestions.com\/es\/contacto\/\">\u00bfHablamos?<\/a><\/div>\n<\/div>\n<\/div>\n\n\n\n<div class=\"wp-block-column is-layout-flow wp-block-column-is-layout-flow\">\n<figure class=\"wp-block-image size-full\"><img loading=\"lazy\" decoding=\"async\" width=\"701\" height=\"620\" src=\"https:\/\/maurigestions.com\/wp-content\/uploads\/2026\/02\/Rectangle-4-copia-2.jpg\" alt=\"\" class=\"wp-image-975\" srcset=\"https:\/\/maurigestions.com\/wp-content\/uploads\/2026\/02\/Rectangle-4-copia-2.jpg 701w, https:\/\/maurigestions.com\/wp-content\/uploads\/2026\/02\/Rectangle-4-copia-2-300x265.jpg 300w\" sizes=\"auto, (max-width: 701px) 100vw, 701px\" \/><\/figure>\n<\/div>\n<\/div>\n\n<div class=\"wp-block-columns is-layout-flex wp-container-core-columns-is-layout-9d6595d7 wp-block-columns-is-layout-flex\">\n<div class=\"wp-block-column space-between is-layout-flow wp-block-column-is-layout-flow\"><\/div>\n\n\n\n<div class=\"wp-block-column is-layout-flow wp-block-column-is-layout-flow\"><\/div>\n<\/div>\n\n<div class=\"wp-block-group scrolling-container max-width\"><div class=\"wp-block-group__inner-container is-layout-constrained wp-block-group-is-layout-constrained\">\n<div class=\"wp-block-group scrolling-content\"><div class=\"wp-block-group__inner-container is-layout-constrained wp-block-group-is-layout-constrained\">\n<p class=\"has-text-align-center giant-text\">Oportunidad<\/p>\n\n\n\n<p class=\"has-text-align-center giant-text\">Confianza<\/p>\n\n\n\n<p class=\"has-text-align-center giant-text\">Claridad<\/p>\n\n\n\n<p class=\"has-text-align-center giant-text\">Oportunidad<\/p>\n\n\n\n<p class=\"has-text-align-center giant-text\">Confianza<\/p>\n\n\n\n<p class=\"has-text-align-center giant-text\">Claridad<\/p>\n<\/div><\/div>\n<\/div><\/div>\n\n<div style=\"height:15px\" aria-hidden=\"true\" class=\"wp-block-spacer\"><\/div>\n\n<div class=\"wp-block-group\"><div class=\"wp-block-group__inner-container is-layout-constrained wp-block-group-is-layout-constrained\">\n<div class=\"wp-block-columns max-width-left is-layout-flex wp-container-core-columns-is-layout-9d6595d7 wp-block-columns-is-layout-flex\">\n<div class=\"wp-block-column is-layout-flow wp-block-column-is-layout-flow\">\n<div class=\"wp-block-group fila-icon is-nowrap is-layout-flex wp-container-core-group-is-layout-ad2f72ca wp-block-group-is-layout-flex\">\n<figure class=\"wp-block-image size-full is-resized\"><img loading=\"lazy\" decoding=\"async\" width=\"95\" height=\"95\" src=\"https:\/\/maurigestions.com\/wp-content\/uploads\/2026\/02\/Vector-1.png\" alt=\"\" class=\"wp-image-916\" style=\"width:auto;height:90px\" \/><\/figure>\n\n\n\n<p>Realizamos una valoraci\u00f3n realista y ajustada en el mercado.<\/p>\n<\/div>\n<\/div>\n\n\n\n<div class=\"wp-block-column is-layout-flow wp-block-column-is-layout-flow\">\n<div class=\"wp-block-group fila-icon is-nowrap is-layout-flex wp-container-core-group-is-layout-ad2f72ca wp-block-group-is-layout-flex\">\n<figure class=\"wp-block-image size-full is-resized\"><img loading=\"lazy\" decoding=\"async\" width=\"83\" height=\"83\" src=\"https:\/\/maurigestions.com\/wp-content\/uploads\/2026\/02\/Vector-1-1.png\" alt=\"\" class=\"wp-image-917\" style=\"width:auto;height:90px\" \/><\/figure>\n\n\n\n<p>Definimos la estrategia de comercializaci\u00f3n m\u00e1s adecuada.<\/p>\n<\/div>\n<\/div>\n<\/div>\n\n\n\n<div class=\"wp-block-columns max-width-left is-layout-flex wp-container-core-columns-is-layout-9d6595d7 wp-block-columns-is-layout-flex\">\n<div class=\"wp-block-column is-layout-flow wp-block-column-is-layout-flow\">\n<div class=\"wp-block-group fila-icon is-nowrap is-layout-flex wp-container-core-group-is-layout-ad2f72ca wp-block-group-is-layout-flex\">\n<figure class=\"wp-block-image size-full is-resized\"><img loading=\"lazy\" decoding=\"async\" width=\"80\" height=\"90\" src=\"https:\/\/maurigestions.com\/wp-content\/uploads\/2026\/02\/Vector-2.png\" alt=\"\" class=\"wp-image-919\" style=\"width:auto;height:90px\" \/><\/figure>\n\n\n\n<p>Damos la m\u00e1xima visibilidad en tu inmueble a trav\u00e9s de canales digitales y red de clientes.<\/p>\n<\/div>\n<\/div>\n\n\n\n<div class=\"wp-block-column is-layout-flow wp-block-column-is-layout-flow\">\n<div class=\"wp-block-group fila-icon is-nowrap is-layout-flex wp-container-core-group-is-layout-ad2f72ca wp-block-group-is-layout-flex\">\n<figure class=\"wp-block-image size-full is-resized\"><img loading=\"lazy\" decoding=\"async\" width=\"85\" height=\"98\" src=\"https:\/\/maurigestions.com\/wp-content\/uploads\/2026\/02\/Vector-3.png\" alt=\"\" class=\"wp-image-920\" style=\"width:auto;height:90px\" \/><\/figure>\n\n\n\n<p>Nos ocupamos de todo para que t\u00fa no tengas que preocuparte de nada<\/p>\n<\/div>\n<\/div>\n<\/div>\n<\/div><\/div>\n\n<div style=\"height:15px\" aria-hidden=\"true\" class=\"wp-block-spacer\"><\/div>\n\n<div class=\"wp-block-columns is-layout-flex wp-container-core-columns-is-layout-9d6595d7 wp-block-columns-is-layout-flex\">\n<div class=\"wp-block-column is-layout-flow wp-block-column-is-layout-flow\" style=\"flex-basis:60%\">\n<p class=\"has-medium-font-size\">Adem\u00e1s, gracias a nuestro servicio jur\u00eddico interno, garantizamos una operaci\u00f3n segura desde el punto de vista legal, revisando contratos, arras y toda la documentaci\u00f3n para que la venta se realice con plenas garant\u00edas.<br \/><\/p>\n<\/div>\n\n\n\n<div class=\"wp-block-column is-layout-flow wp-block-column-is-layout-flow\"><\/div>\n<\/div>\n\n<div style=\"height:20px\" aria-hidden=\"true\" class=\"wp-block-spacer\"><\/div>\n\n<h2 class=\"wp-block-heading\">Inmuebles disponibles<\/h2>\n<div class=\"immobles-grid max-width\"><div class=\"immoble-card\"><p class=\"immoble-title has-medium-font-size\"><a href=\"https:\/\/maurigestions.com\/es\/immoble\/local-comercial-centrico-3\/\">LOCAL COMERCIAL C\u00c9NTRICO<\/a><\/p><div class=\"immoble-image\"><a href=\"https:\/\/maurigestions.com\/es\/immoble\/local-comercial-centrico-3\/\"><img decoding=\"async\" src=\"https:\/\/maurigestions.com\/wp-content\/uploads\/2026\/05\/WhatsApp-Image-2026-03-24-at-17.10.16-4.jpeg\" alt=\"LOCAL COMERCIAL C\u00c9NTRICO\"><\/a><\/div><p class=\"immoble-price has-medium-font-size\">150.000,00\u20ac<\/p><\/div><div class=\"immoble-card\"><p class=\"immoble-title has-medium-font-size\"><a href=\"https:\/\/maurigestions.com\/es\/immoble\/planta-baja-actualmente-ocupada\/\">Planta baja (Actualmente ocupada)<\/a><\/p><div class=\"immoble-image\"><a href=\"https:\/\/maurigestions.com\/es\/immoble\/planta-baja-actualmente-ocupada\/\"><img decoding=\"async\" src=\"https:\/\/maurigestions.com\/wp-content\/uploads\/2026\/02\/Captura-de-pantalla-2026-02-13-a-les-12.25.01.png\" alt=\"Planta baja (Actualmente ocupada)\"><\/a><\/div><p class=\"immoble-price has-medium-font-size\">95.000,00\u20ac<\/p><\/div><div class=\"immoble-card\"><p class=\"immoble-title has-medium-font-size\"><a href=\"https:\/\/maurigestions.com\/es\/immoble\/plaza-de-aparcamiento-c-moratin\/\">Plaza de aparcamiento C\/Moratin<\/a><\/p><div class=\"immoble-image\"><a href=\"https:\/\/maurigestions.com\/es\/immoble\/plaza-de-aparcamiento-c-moratin\/\"><img decoding=\"async\" src=\"https:\/\/maurigestions.com\/wp-content\/uploads\/2026\/02\/Imatge-de-WhatsApp-2024-10-29-a-les-09.42.31_29f16ac2.jpg\" alt=\"Plaza de aparcamiento C\/Moratin\"><\/a><\/div><p class=\"immoble-price has-medium-font-size\">26.000,00\u20ac<\/p><\/div><\/div>\n","protected":false},"excerpt":{"rendered":"<p>Venta Te acompa\u00f1amos en todo el proceso de venta de tu inmueble con un servicio personalizado, cercano y profesional. Sabemos que vender una propiedad es una decisi\u00f3n importante, y por [&hellip;]<\/p>\n","protected":false},"author":1,"featured_media":0,"parent":0,"menu_order":0,"comment_status":"closed","ping_status":"closed","template":"template-gris.php","meta":{"footnotes":""},"class_list":["post-1052","page","type-page","status-publish","hentry"],"_links":{"self":[{"href":"https:\/\/maurigestions.com\/es\/wp-json\/wp\/v2\/pages\/1052","targetHints":{"allow":["GET"]}}],"collection":[{"href":"https:\/\/maurigestions.com\/es\/wp-json\/wp\/v2\/pages"}],"about":[{"href":"https:\/\/maurigestions.com\/es\/wp-json\/wp\/v2\/types\/page"}],"author":[{"embeddable":true,"href":"https:\/\/maurigestions.com\/es\/wp-json\/wp\/v2\/users\/1"}],"replies":[{"embeddable":true,"href":"https:\/\/maurigestions.com\/es\/wp-json\/wp\/v2\/comments?post=1052"}],"version-history":[{"count":2,"href":"https:\/\/maurigestions.com\/es\/wp-json\/wp\/v2\/pages\/1052\/revisions"}],"predecessor-version":[{"id":1068,"href":"https:\/\/maurigestions.com\/es\/wp-json\/wp\/v2\/pages\/1052\/revisions\/1068"}],"wp:attachment":[{"href":"https:\/\/maurigestions.com\/es\/wp-json\/wp\/v2\/media?parent=1052"}],"curies":[{"name":"wp","href":"https:\/\/api.w.org\/{rel}","templated":true}]}}