
{"id":1060,"date":"2026-01-15T16:11:16","date_gmt":"2026-01-15T14:11:16","guid":{"rendered":"https:\/\/develop.genium.click\/mauri\/comunidades\/"},"modified":"2026-03-19T09:13:55","modified_gmt":"2026-03-19T07:13:55","slug":"comunidades","status":"publish","type":"page","link":"https:\/\/maurigestions.com\/es\/comunidades\/","title":{"rendered":"Comunidades"},"content":{"rendered":"\n<div class=\"wp-block-columns are-vertically-aligned-top is-layout-flex wp-container-core-columns-is-layout-9d6595d7 wp-block-columns-is-layout-flex\">\n<div class=\"wp-block-column is-vertically-aligned-top space-between is-layout-flow wp-block-column-is-layout-flow\">\n<h1 class=\"wp-block-heading\">Comunidades<\/h1>\n\n\n\n<div style=\"height:10px\" aria-hidden=\"true\" class=\"wp-block-spacer\"><\/div>\n\n\n\n<p class=\"has-medium-font-size\">Gestionamos tu comunidad con un trato cercano, profesional y transparente. Nos implicamos en el d\u00eda a d\u00eda para que los vecinos se sientan escuchados y asesorados, aportando soluciones eficientes y adaptadas a cada necesidad.<\/p>\n\n\n\n<div style=\"height:30px\" aria-hidden=\"true\" class=\"wp-block-spacer\"><\/div>\n\n\n\n<div class=\"wp-block-buttons is-layout-flex wp-block-buttons-is-layout-flex\">\n<div class=\"wp-block-button\"><a class=\"wp-block-button__link wp-element-button\" href=\"https:\/\/maurigestions.com\/es\/contacto\/\">\u00bfHablamos?<\/a><\/div>\n<\/div>\n<\/div>\n\n\n\n<div class=\"wp-block-column is-vertically-aligned-top is-layout-flow wp-block-column-is-layout-flow\">\n<figure class=\"wp-block-image size-full\"><img loading=\"lazy\" decoding=\"async\" width=\"542\" height=\"456\" src=\"https:\/\/maurigestions.com\/wp-content\/uploads\/2026\/01\/comunitats.jpg\" alt=\"\" class=\"wp-image-786\" srcset=\"https:\/\/maurigestions.com\/wp-content\/uploads\/2026\/01\/comunitats.jpg 542w, https:\/\/maurigestions.com\/wp-content\/uploads\/2026\/01\/comunitats-300x252.jpg 300w\" sizes=\"auto, (max-width: 542px) 100vw, 542px\" \/><\/figure>\n<\/div>\n<\/div>\n\n<div style=\"height:10px\" aria-hidden=\"true\" class=\"wp-block-spacer\"><\/div>\n\n<div class=\"wp-block-group scrolling-container max-width\"><div class=\"wp-block-group__inner-container is-layout-constrained wp-block-group-is-layout-constrained\">\n<div class=\"wp-block-group scrolling-content\"><div class=\"wp-block-group__inner-container is-layout-constrained wp-block-group-is-layout-constrained\">\n<p class=\"has-text-align-center giant-text\">Transparencia<\/p>\n\n\n\n<p class=\"has-text-align-center giant-text\">Colaboraci\u00f3n<\/p>\n\n\n\n<p class=\"has-text-align-center giant-text\">Responsabilidad<\/p>\n\n\n\n<p class=\"has-text-align-center giant-text\">Transparencia<\/p>\n\n\n\n<p class=\"has-text-align-center giant-text\">Colaboraci\u00f3n<\/p>\n\n\n\n<p class=\"has-text-align-center giant-text\">Responsabilidad<\/p>\n<\/div><\/div>\n<\/div><\/div>\n\n<div class=\"wp-block-columns is-layout-flex wp-container-core-columns-is-layout-9d6595d7 wp-block-columns-is-layout-flex\">\n<div class=\"wp-block-column is-layout-flow wp-block-column-is-layout-flow\">\n<h2 class=\"wp-block-heading\">Nos encargamos de la gesti\u00f3n integral de la comunidad:<\/h2>\n<\/div>\n\n\n\n<div class=\"wp-block-column is-layout-flow wp-block-column-is-layout-flow\">\n<p><\/p>\n<\/div>\n<\/div>\n\n<div class=\"wp-block-columns is-layout-flex wp-container-core-columns-is-layout-9d6595d7 wp-block-columns-is-layout-flex\">\n<div class=\"wp-block-column is-layout-flow wp-block-column-is-layout-flow\">\n<p class=\"has-medium-font-size\">Nos distinguimos por ofrecer un servicio jur\u00eddico interno, que nos permite dar respuesta r\u00e1pida y directa a cualquier cuesti\u00f3n legal: interpretaci\u00f3n de estatutos, resoluci\u00f3n de conflictos, gesti\u00f3n de impagos, asesoramiento en normativas vigentes y apoyo en juntas de propietarios. Todo ello, sin depender de terceros.<\/p>\n<\/div>\n\n\n\n<div class=\"wp-block-column is-layout-flow wp-block-column-is-layout-flow\">\n<p class=\"has-medium-font-size\">Nuestra prioridad es garantizar una convivencia armoniosa, una gesti\u00f3n clara y una administraci\u00f3n eficiente. Apostamos por la proximidad con los propietarios y por la tranquilidad que da disponer de un equipo profesional y un servicio jur\u00eddico propio a tu lado.<\/p>\n<\/div>\n<\/div>\n\n<div style=\"height:10px\" aria-hidden=\"true\" class=\"wp-block-spacer\"><\/div>\n\n<div class=\"wp-block-group\"><div class=\"wp-block-group__inner-container is-layout-constrained wp-block-group-is-layout-constrained\">\n<div class=\"wp-block-columns max-width-left is-layout-flex wp-container-core-columns-is-layout-9d6595d7 wp-block-columns-is-layout-flex\">\n<div class=\"wp-block-column is-layout-flow wp-block-column-is-layout-flow\">\n<div class=\"wp-block-group fila-icon is-nowrap is-layout-flex wp-container-core-group-is-layout-ad2f72ca wp-block-group-is-layout-flex\">\n<figure class=\"wp-block-image size-full is-resized\"><img loading=\"lazy\" decoding=\"async\" width=\"83\" height=\"102\" src=\"https:\/\/maurigestions.com\/wp-content\/uploads\/2026\/02\/Vector-4.png\" alt=\"\" class=\"wp-image-1005\" style=\"width:auto;height:90px\" \/><\/figure>\n\n\n\n<p>Administraci\u00f3n econ\u00f3mica y control de cuentas<\/p>\n<\/div>\n<\/div>\n\n\n\n<div class=\"wp-block-column is-layout-flow wp-block-column-is-layout-flow\">\n<div class=\"wp-block-group fila-icon is-nowrap is-layout-flex wp-container-core-group-is-layout-ad2f72ca wp-block-group-is-layout-flex\">\n<figure class=\"wp-block-image size-full is-resized\"><img loading=\"lazy\" decoding=\"async\" width=\"110\" height=\"87\" src=\"https:\/\/maurigestions.com\/wp-content\/uploads\/2026\/02\/Vector-3-1.png\" alt=\"\" class=\"wp-image-1009\" style=\"width:auto;height:90px\" \/><\/figure>\n\n\n\n<p>Gesti\u00f3n de proveedores y mantenimientos<\/p>\n<\/div>\n<\/div>\n<\/div>\n\n\n\n<div class=\"wp-block-columns max-width-left is-layout-flex wp-container-core-columns-is-layout-9d6595d7 wp-block-columns-is-layout-flex\">\n<div class=\"wp-block-column is-layout-flow wp-block-column-is-layout-flow\">\n<div class=\"wp-block-group fila-icon is-nowrap is-layout-flex wp-container-core-group-is-layout-ad2f72ca wp-block-group-is-layout-flex\">\n<figure class=\"wp-block-image size-full is-resized\"><img loading=\"lazy\" decoding=\"async\" width=\"87\" height=\"90\" src=\"https:\/\/maurigestions.com\/wp-content\/uploads\/2026\/02\/Vector-1-3.png\" alt=\"\" class=\"wp-image-1010\" style=\"width:auto;height:90px\" \/><\/figure>\n\n\n\n<p>Convocatoria y asistencia a juntas<\/p>\n<\/div>\n<\/div>\n\n\n\n<div class=\"wp-block-column is-layout-flow wp-block-column-is-layout-flow\">\n<div class=\"wp-block-group fila-icon is-nowrap is-layout-flex wp-container-core-group-is-layout-ad2f72ca wp-block-group-is-layout-flex\">\n<figure class=\"wp-block-image size-full is-resized\"><img loading=\"lazy\" decoding=\"async\" width=\"86\" height=\"86\" src=\"https:\/\/maurigestions.com\/wp-content\/uploads\/2026\/02\/Vector-4-1.png\" alt=\"\" class=\"wp-image-1008\" style=\"width:auto;height:90px\" \/><\/figure>\n\n\n\n<p>Redacci\u00f3n de actas y seguimiento de acuerdos<\/p>\n<\/div>\n<\/div>\n<\/div>\n\n\n\n<div class=\"wp-block-columns max-width-left is-layout-flex wp-container-core-columns-is-layout-9d6595d7 wp-block-columns-is-layout-flex\">\n<div class=\"wp-block-column is-layout-flow wp-block-column-is-layout-flow\">\n<div class=\"wp-block-group fila-icon is-nowrap is-layout-flex wp-container-core-group-is-layout-ad2f72ca wp-block-group-is-layout-flex\">\n<figure class=\"wp-block-image size-full is-resized\"><img loading=\"lazy\" decoding=\"async\" width=\"95\" height=\"95\" src=\"https:\/\/maurigestions.com\/wp-content\/uploads\/2026\/02\/Vector-2-1.png\" alt=\"\" class=\"wp-image-1007\" style=\"width:auto;height:90px\" \/><\/figure>\n\n\n\n<p>Asesoramiento legal continuo<\/p>\n<\/div>\n<\/div>\n\n\n\n<div class=\"wp-block-column is-layout-flow wp-block-column-is-layout-flow\"><\/div>\n<\/div>\n\n\n\n<p><\/p>\n<\/div><\/div>\n","protected":false},"excerpt":{"rendered":"<p>Comunidades Gestionamos tu comunidad con un trato cercano, profesional y transparente. Nos implicamos en el d\u00eda a d\u00eda para que los vecinos se sientan escuchados y asesorados, aportando soluciones eficientes [&hellip;]<\/p>\n","protected":false},"author":1,"featured_media":0,"parent":0,"menu_order":0,"comment_status":"closed","ping_status":"closed","template":"template-blau.php","meta":{"footnotes":""},"class_list":["post-1060","page","type-page","status-publish","hentry"],"_links":{"self":[{"href":"https:\/\/maurigestions.com\/es\/wp-json\/wp\/v2\/pages\/1060","targetHints":{"allow":["GET"]}}],"collection":[{"href":"https:\/\/maurigestions.com\/es\/wp-json\/wp\/v2\/pages"}],"about":[{"href":"https:\/\/maurigestions.com\/es\/wp-json\/wp\/v2\/types\/page"}],"author":[{"embeddable":true,"href":"https:\/\/maurigestions.com\/es\/wp-json\/wp\/v2\/users\/1"}],"replies":[{"embeddable":true,"href":"https:\/\/maurigestions.com\/es\/wp-json\/wp\/v2\/comments?post=1060"}],"version-history":[{"count":2,"href":"https:\/\/maurigestions.com\/es\/wp-json\/wp\/v2\/pages\/1060\/revisions"}],"predecessor-version":[{"id":1070,"href":"https:\/\/maurigestions.com\/es\/wp-json\/wp\/v2\/pages\/1060\/revisions\/1070"}],"wp:attachment":[{"href":"https:\/\/maurigestions.com\/es\/wp-json\/wp\/v2\/media?parent=1060"}],"curies":[{"name":"wp","href":"https:\/\/api.w.org\/{rel}","templated":true}]}}