
{"id":1071,"date":"2026-01-15T16:10:54","date_gmt":"2026-01-15T14:10:54","guid":{"rendered":"https:\/\/develop.genium.click\/mauri\/quienes-somos\/"},"modified":"2026-03-27T10:10:22","modified_gmt":"2026-03-27T08:10:22","slug":"quienes-somos","status":"publish","type":"page","link":"https:\/\/maurigestions.com\/es\/","title":{"rendered":"\u00bfQui\u00e9nes somos?"},"content":{"rendered":"\n<div class=\"wp-block-columns is-layout-flex wp-container-core-columns-is-layout-9d6595d7 wp-block-columns-is-layout-flex\">\n<div class=\"wp-block-column is-layout-flow wp-block-column-is-layout-flow\" style=\"flex-basis:60%\">\n<h1 class=\"wp-block-heading\">\u00a1Ya hace 25 a\u00f1os que tu hogar est\u00e1 en buenas manos!<\/h1>\n\n\n\n<div style=\"height:0px\" aria-hidden=\"true\" class=\"wp-block-spacer\"><\/div>\n\n\n\n<h2 class=\"wp-block-heading has-large-font-size\">Gesti\u00f3n profesional de alquileres con experiencia, transparencia y trato cercano.<\/h2>\n\n\n\n<div style=\"height:0px\" aria-hidden=\"true\" class=\"wp-block-spacer\"><\/div>\n\n\n\n<p class=\"has-medium-font-size\">Empresa fundada en 2001, liderada por un equipo de profesionales con m\u00e1s de 30 a\u00f1os de experiencia en el sector de la administraci\u00f3n, de alquileres de viviendas, locales comerciales y naves industriales. Estamos debidamente colegiados en el Colegio de Administradores de Fincas de Barcelona-Lleida (n\u00fam. 5675), lo que garantiza una gesti\u00f3n rigurosa, segura y ajustada a la normativa vigente.<\/p>\n<\/div>\n\n\n\n<div class=\"wp-block-column is-layout-flow wp-block-column-is-layout-flow\"><\/div>\n<\/div>\n\n<div style=\"height:45px\" aria-hidden=\"true\" class=\"wp-block-spacer\"><\/div>\n\n<div class=\"wp-block-group scrolling-container max-width\"><div class=\"wp-block-group__inner-container is-layout-constrained wp-block-group-is-layout-constrained\">\n<div class=\"wp-block-group scrolling-content\"><div class=\"wp-block-group__inner-container is-layout-constrained wp-block-group-is-layout-constrained\">\n<p class=\"has-text-align-center giant-text\">Administraci\u00f3n de fincas y comunidades, alquileres, venta de inmuebles y gesti\u00f3n patrimonial.<\/p>\n\n\n\n<p class=\"has-text-align-center giant-text\">Administraci\u00f3n de fincas y comunidades, alquileres, venta de inmuebles y gesti\u00f3n patrimonial.<\/p>\n\n\n\n<p class=\"has-text-align-center giant-text\">Administraci\u00f3n de fincas y comunidades, alquileres, venta de inmuebles y gesti\u00f3n patrimonial.<\/p>\n<\/div><\/div>\n<\/div><\/div>\n\n<div class=\"wp-block-columns is-layout-flex wp-container-core-columns-is-layout-9d6595d7 wp-block-columns-is-layout-flex\">\n<div class=\"wp-block-column is-layout-flow wp-block-column-is-layout-flow\" style=\"flex-basis:33.33%\"><\/div>\n\n\n\n<div class=\"wp-block-column is-layout-flow wp-block-column-is-layout-flow\" style=\"flex-basis:60%\">\n<figure class=\"wp-block-image size-large\"><img loading=\"lazy\" decoding=\"async\" width=\"1024\" height=\"641\" src=\"https:\/\/maurigestions.com\/wp-content\/uploads\/2026\/03\/Rectangle-5-1024x641.jpg\" alt=\"\" class=\"wp-image-1016\" srcset=\"https:\/\/maurigestions.com\/wp-content\/uploads\/2026\/03\/Rectangle-5-1024x641.jpg 1024w, https:\/\/maurigestions.com\/wp-content\/uploads\/2026\/03\/Rectangle-5-300x188.jpg 300w, https:\/\/maurigestions.com\/wp-content\/uploads\/2026\/03\/Rectangle-5-768x481.jpg 768w, https:\/\/maurigestions.com\/wp-content\/uploads\/2026\/03\/Rectangle-5.jpg 1337w\" sizes=\"auto, (max-width: 1024px) 100vw, 1024px\" \/><\/figure>\n\n\n\n<p>Nuestra forma de trabajar se basa en el trato personal y cercano con el cliente, que consideramos el eje central de toda nuestra actividad. Apostamos por una relaci\u00f3n basada en la confianza, la transparencia y la profesionalidad, valores que aplicamos en el d\u00eda a d\u00eda en cada gesti\u00f3n y decisi\u00f3n.<\/p>\n<\/div>\n<\/div>\n\n<div style=\"height:10px\" aria-hidden=\"true\" class=\"wp-block-spacer\"><\/div>\n\n<div class=\"wp-block-columns is-layout-flex wp-container-core-columns-is-layout-9d6595d7 wp-block-columns-is-layout-flex\">\n<div class=\"wp-block-column is-layout-flow wp-block-column-is-layout-flow\" style=\"flex-basis:60%\">\n<p class=\"has-medium-font-size\">Adem\u00e1s, mantenemos una formaci\u00f3n continua en el \u00e1mbito legal, normativo y comercial, lo que nos permite ofrecer un servicio actualizado, eficiente y orientado a proteger los intereses de los propietarios, garantizando una administraci\u00f3n responsable y clara de los alquileres.<br\/><\/p>\n<\/div>\n\n\n\n<div class=\"wp-block-column is-layout-flow wp-block-column-is-layout-flow\"><\/div>\n<\/div>\n\n<div style=\"height:15px\" aria-hidden=\"true\" class=\"wp-block-spacer\"><\/div>\n\n<div class=\"wp-block-columns separacion-cols gap-thin is-layout-flex wp-container-core-columns-is-layout-9d6595d7 wp-block-columns-is-layout-flex\">\n<div class=\"wp-block-column is-layout-flow wp-block-column-is-layout-flow\">\n<h2 class=\"wp-block-heading has-medium-font-size\">Venta<\/h2>\n\n\n\n<div style=\"height:20px\" aria-hidden=\"true\" class=\"wp-block-spacer\"><\/div>\n\n\n\n<div class=\"wp-block-buttons is-layout-flex wp-block-buttons-is-layout-flex\">\n<div class=\"wp-block-button\"><a class=\"wp-block-button__link wp-element-button\" href=\"https:\/\/maurigestions.com\/es\/venta\/\">M\u00e1s informaci\u00f3n<\/a><\/div>\n<\/div>\n<\/div>\n\n\n\n<div class=\"wp-block-column is-layout-flow wp-block-column-is-layout-flow\">\n<h2 class=\"wp-block-heading has-medium-font-size\">Alquiler<\/h2>\n\n\n\n<div style=\"height:20px\" aria-hidden=\"true\" class=\"wp-block-spacer\"><\/div>\n\n\n\n<div class=\"wp-block-buttons is-layout-flex wp-block-buttons-is-layout-flex\">\n<div class=\"wp-block-button\"><a class=\"wp-block-button__link wp-element-button\" href=\"https:\/\/maurigestions.com\/es\/alquileres\/\">M\u00e1s informaci\u00f3n<\/a><\/div>\n<\/div>\n<\/div>\n\n\n\n<div class=\"wp-block-column is-layout-flow wp-block-column-is-layout-flow\">\n<h2 class=\"wp-block-heading has-medium-font-size\">Comunidades<\/h2>\n\n\n\n<div style=\"height:20px\" aria-hidden=\"true\" class=\"wp-block-spacer\"><\/div>\n\n\n\n<div class=\"wp-block-buttons is-layout-flex wp-block-buttons-is-layout-flex\">\n<div class=\"wp-block-button\"><a class=\"wp-block-button__link wp-element-button\" href=\"https:\/\/maurigestions.com\/es\/comunidades\/\">M\u00e1s informaci\u00f3n<\/a><\/div>\n<\/div>\n<\/div>\n<\/div>\n\n<div style=\"height:15px\" aria-hidden=\"true\" class=\"wp-block-spacer\"><\/div>\n\n<div class=\"wp-block-columns is-layout-flex wp-container-core-columns-is-layout-9d6595d7 wp-block-columns-is-layout-flex\">\n<div class=\"wp-block-column is-vertically-aligned-top is-layout-flow wp-block-column-is-layout-flow\" style=\"flex-basis:35%\"><div class=\"wp-block-image\">\n<figure class=\"aligncenter size-full\"><img loading=\"lazy\" decoding=\"async\" width=\"313\" height=\"313\" src=\"https:\/\/maurigestions.com\/wp-content\/uploads\/2026\/03\/Ellipse-35.png\" alt=\"\" class=\"wp-image-1040\" srcset=\"https:\/\/maurigestions.com\/wp-content\/uploads\/2026\/03\/Ellipse-35.png 313w, https:\/\/maurigestions.com\/wp-content\/uploads\/2026\/03\/Ellipse-35-300x300.png 300w, https:\/\/maurigestions.com\/wp-content\/uploads\/2026\/03\/Ellipse-35-150x150.png 150w\" sizes=\"auto, (max-width: 313px) 100vw, 313px\" \/><\/figure>\n<\/div>\n\n\n<p class=\"has-text-align-center\"><strong>Miriam Gordillo Esteban<\/strong><br\/> Directora<\/p>\n<\/div>\n\n\n\n<div class=\"wp-block-column is-vertically-aligned-center is-layout-flow wp-block-column-is-layout-flow\">\n<div style=\"height:60px\" aria-hidden=\"true\" class=\"wp-block-spacer\"><\/div>\n\n\n\n<p class=\"has-medium-font-size\">Nuestra administraci\u00f3n de fincas nace de una historia familiar y de una vocaci\u00f3n clara: ayudar a las comunidades y propietarios a gestionar su patrimonio con proximidad, confianza y profesionalidad.<\/p>\n\n\n\n<div style=\"height:25px\" aria-hidden=\"true\" class=\"wp-block-spacer\"><\/div>\n\n\n\n<p>El proyecto fue fundado por Maria, profesional del sector con m\u00e1s de 30 a\u00f1os de experiencia en la administraci\u00f3n de fincas. Despu\u00e9s de toda una trayectoria, decidi\u00f3 crear su propio despacho basado en los valores que siempre han guiado su forma de trabajar: proximidad, trato humano y compromiso con cada cliente.<\/p>\n\n\n\n<div style=\"height:15px\" aria-hidden=\"true\" class=\"wp-block-spacer\"><\/div>\n\n\n\n<figure class=\"wp-block-image size-large\"><img loading=\"lazy\" decoding=\"async\" width=\"1024\" height=\"580\" src=\"https:\/\/maurigestions.com\/wp-content\/uploads\/2026\/03\/Rectangle-9-1-1024x580.jpg\" alt=\"\" class=\"wp-image-1038\" srcset=\"https:\/\/maurigestions.com\/wp-content\/uploads\/2026\/03\/Rectangle-9-1-1024x580.jpg 1024w, https:\/\/maurigestions.com\/wp-content\/uploads\/2026\/03\/Rectangle-9-1-300x170.jpg 300w, https:\/\/maurigestions.com\/wp-content\/uploads\/2026\/03\/Rectangle-9-1-768x435.jpg 768w, https:\/\/maurigestions.com\/wp-content\/uploads\/2026\/03\/Rectangle-9-1.jpg 1079w\" sizes=\"auto, (max-width: 1024px) 100vw, 1024px\" \/><\/figure>\n\n\n\n<div style=\"height:15px\" aria-hidden=\"true\" class=\"wp-block-spacer\"><\/div>\n\n\n\n<p>Con su jubilaci\u00f3n, la segunda generaci\u00f3n toma el relevo al frente de la empresa. Miriam, la actual directora, es graduada en Derecho, cuenta con el M\u00e1ster de Acceso a la Abogac\u00eda y con formaci\u00f3n especializada en derecho inmobiliario, lo que aporta una base jur\u00eddica s\u00f3lida a toda la gesti\u00f3n.<br\/> <br\/>Hoy seguimos siendo una empresa familiar que apuesta por el mismo modelo de empresa: una administraci\u00f3n cercana, accesible y comprometida con cada cliente. Nuestro objetivo sigue siendo ofrecer un servicio profesional, honesto y eficaz.<br\/> <br\/>Nos enorgullece especialmente de continuar trabajando con clientes que conf\u00edan en nosotros desde nuestros inicios, as\u00ed como poder dar la bienvenida a nuevos clientes que deciden confiar en nuestro proyecto. Son relaciones que se construyen con el tiempo, basadas en la profesionalidad, la proximidad y la confianza mutua, y que reflejan la forma en que entendemos nuestra profesi\u00f3n.<br\/><\/p>\n<\/div>\n<\/div>\n\n<div style=\"height:38px\" aria-hidden=\"true\" class=\"wp-block-spacer\"><\/div>\n\n<div class=\"wp-block-group link-block\" data-group-link=\"https:\/\/maurigestions.com\/contacte\/\"><div class=\"wp-block-group__inner-container is-layout-constrained wp-block-group-is-layout-constrained\">\n<svg xmlns=\"http:\/\/www.w3.org\/2000\/svg\" width=\"60\" height=\"60\" viewbox=\"0 0 60 60\" fill=\"none\">\n<circle cx=\"29.6985\" cy=\"29.6985\" r=\"21\" transform=\"rotate(-45 29.6985 29.6985)\" fill=\"white\"><\/circle>\n<path d=\"M24.0416 33.9877C23.6511 34.3782 23.6511 35.0114 24.0416 35.4019C24.4321 35.7925 25.0653 35.7925 25.4558 35.4019L24.7487 34.6948L24.0416 33.9877ZM35.7487 24.6948C35.7487 24.1425 35.301 23.6948 34.7487 23.6948L25.7487 23.6948C25.1964 23.6948 24.7487 24.1425 24.7487 24.6948C24.7487 25.2471 25.1964 25.6948 25.7487 25.6948L33.7487 25.6948L33.7487 33.6948C33.7487 34.2471 34.1964 34.6948 34.7487 34.6948C35.301 34.6948 35.7487 34.2471 35.7487 33.6948L35.7487 24.6948ZM24.7487 34.6948L25.4558 35.4019L35.4558 25.4019L34.7487 24.6948L34.0416 23.9877L24.0416 33.9877L24.7487 34.6948Z\" fill=\"#002A42\"><\/path>\n<\/svg>\n\n\n\n<div class=\"wp-block-cover\"><img loading=\"lazy\" decoding=\"async\" width=\"1024\" height=\"631\" class=\"wp-block-cover__image-background wp-image-737 size-large\" alt=\"\" src=\"https:\/\/maurigestions.com\/wp-content\/uploads\/2026\/01\/Rectangle-6-1024x631.jpg\" data-object-fit=\"cover\" srcset=\"https:\/\/maurigestions.com\/wp-content\/uploads\/2026\/01\/Rectangle-6-1024x631.jpg 1024w, https:\/\/maurigestions.com\/wp-content\/uploads\/2026\/01\/Rectangle-6-300x185.jpg 300w, https:\/\/maurigestions.com\/wp-content\/uploads\/2026\/01\/Rectangle-6-768x473.jpg 768w, https:\/\/maurigestions.com\/wp-content\/uploads\/2026\/01\/Rectangle-6.jpg 1078w\" sizes=\"auto, (max-width: 1024px) 100vw, 1024px\" \/><span aria-hidden=\"true\" class=\"wp-block-cover__background has-background-dim\" style=\"background-color:#415a65\"><\/span><div class=\"wp-block-cover__inner-container is-layout-constrained wp-block-cover-is-layout-constrained\">\n<p class=\"has-text-align-center has-large-font-size\">Contacta con nosotros<\/p>\n<\/div><\/div>\n<\/div><\/div>\n","protected":false},"excerpt":{"rendered":"<p>\u00a1Ya hace 25 a\u00f1os que tu hogar est\u00e1 en buenas manos! Gesti\u00f3n profesional de alquileres con experiencia, transparencia y trato cercano. Empresa fundada en 2001, liderada por un equipo de [&hellip;]<\/p>\n","protected":false},"author":1,"featured_media":0,"parent":0,"menu_order":0,"comment_status":"closed","ping_status":"closed","template":"","meta":{"footnotes":""},"class_list":["post-1071","page","type-page","status-publish","hentry"],"_links":{"self":[{"href":"https:\/\/maurigestions.com\/es\/wp-json\/wp\/v2\/pages\/1071","targetHints":{"allow":["GET"]}}],"collection":[{"href":"https:\/\/maurigestions.com\/es\/wp-json\/wp\/v2\/pages"}],"about":[{"href":"https:\/\/maurigestions.com\/es\/wp-json\/wp\/v2\/types\/page"}],"author":[{"embeddable":true,"href":"https:\/\/maurigestions.com\/es\/wp-json\/wp\/v2\/users\/1"}],"replies":[{"embeddable":true,"href":"https:\/\/maurigestions.com\/es\/wp-json\/wp\/v2\/comments?post=1071"}],"version-history":[{"count":2,"href":"https:\/\/maurigestions.com\/es\/wp-json\/wp\/v2\/pages\/1071\/revisions"}],"predecessor-version":[{"id":1178,"href":"https:\/\/maurigestions.com\/es\/wp-json\/wp\/v2\/pages\/1071\/revisions\/1178"}],"wp:attachment":[{"href":"https:\/\/maurigestions.com\/es\/wp-json\/wp\/v2\/media?parent=1071"}],"curies":[{"name":"wp","href":"https:\/\/api.w.org\/{rel}","templated":true}]}}